{"id":72,"date":"2018-06-04T16:49:21","date_gmt":"2018-06-04T15:49:21","guid":{"rendered":"http:\/\/www.tcf-frauenweiler.de\/?page_id=72"},"modified":"2024-01-09T16:01:23","modified_gmt":"2024-01-09T14:01:23","slug":"mitgliedschaft","status":"publish","type":"page","link":"http:\/\/www.tcf-frauenweiler.de\/?page_id=72","title":{"rendered":"Mitgliedschaft"},"content":{"rendered":"<p>Die Mitgliederversammlung hat im M\u00e4rz 2019 beschlo\u00dfen, dass ab sofort f\u00fcr das erste Jahr der Mitgliedschaft erm\u00e4\u00dfigte Beitr\u00e4ge gelten. In der Mitgliederversammlung 2023 wurde beschlossen, dass die Geb\u00fchren f\u00fcr BTV. DTB und BSB ab sofort in den Mitgliedsbeitr\u00e4gen enthalten ist und nicht gesondert abgerechnet wird.<\/p>\n<hr \/>\n<table>\n<tbody>\n<tr>\n<th>Beitrag<\/th>\n<th>im 1. Jahr<\/th>\n<th>ab dem 2. Jahr<\/th>\n<\/tr>\n<tr>\n<th>Erwachsene Einzel<\/th>\n<th>80\u20ac<\/th>\n<th>175\u20ac<\/th>\n<\/tr>\n<tr>\n<th>Erwachsene Paare<\/th>\n<th>140\u20ac<\/th>\n<th>275\u20ac<\/th>\n<\/tr>\n<tr>\n<th>Familien<\/th>\n<th>160\u20ac<\/th>\n<th>320\u20ac<\/th>\n<\/tr>\n<tr>\n<th>Sch\u00fcler\/Studenten\/Auszubildende<\/th>\n<th>45\u20ac<\/th>\n<th>90\u20ac<\/th>\n<\/tr>\n<tr>\n<th>Kinder bis 7 Jahre<\/th>\n<th>\u00a0<\/th>\n<th>25\u20ac<\/th>\n<\/tr>\n<tr>\n<th>Kinder\/Jugendliche 8 &#8211; 16 Jahre<\/th>\n<th>\u00a0<\/th>\n<th>50\u20ac<\/th>\n<\/tr>\n<tr>\n<th>Passiv<\/th>\n<th>\u00a0<\/th>\n<th>45\u20ac<\/th>\n<\/tr>\n<\/tbody>\n<\/table>\n<hr \/>\n<p>Ausserdem werden ab sofort f\u00fcr jedes Mitglied nur noch vier Arbeitsstunden pro Jahr f\u00e4llig.<\/p>\n<p>Einen Aufnahmeantrag finden Sie <a href=\"http:\/\/www.tcf-frauenweiler.de\/wp-content\/uploads\/2021\/03\/aufnahmeantrag.pdf\">hier<\/a>. Einfach ausf\u00fcllen und in den Briefkasten am Clubhaus schmei\u00dfen, per Post an TCF Frauenweiler, Postfach 1513, 69156 Wiesloch oder per Mail an <a href=\"mailto:vorstand@tcf-frauenweiler.de\">vorstand@tcf-frauenweiler.de<\/a> schicken. Mit der Unterschrift wird die <a href=\"http:\/\/www.tcf-frauenweiler.de\/wp-content\/uploads\/2022\/12\/satzung.pdf\">Satzung des TCF <\/a>als verbindlich angesehen.<\/p>\n\n\n<p><\/p>\n","protected":false},"excerpt":{"rendered":"<p>Die Mitgliederversammlung hat im M\u00e4rz 2019 beschlo\u00dfen, dass ab sofort f\u00fcr das erste Jahr der Mitgliedschaft erm\u00e4\u00dfigte Beitr\u00e4ge gelten. In der Mitgliederversammlung 2023 wurde beschlossen, dass die Geb\u00fchren f\u00fcr BTV. DTB und BSB ab sofort in den Mitgliedsbeitr\u00e4gen enthalten ist und nicht gesondert abgerechnet wird. Beitrag im 1. Jahr ab dem 2. Jahr Erwachsene Einzel [&hellip;]<\/p>\n","protected":false},"author":21,"featured_media":0,"parent":0,"menu_order":0,"comment_status":"closed","ping_status":"closed","template":"","meta":[],"_links":{"self":[{"href":"http:\/\/www.tcf-frauenweiler.de\/index.php?rest_route=\/wp\/v2\/pages\/72"}],"collection":[{"href":"http:\/\/www.tcf-frauenweiler.de\/index.php?rest_route=\/wp\/v2\/pages"}],"about":[{"href":"http:\/\/www.tcf-frauenweiler.de\/index.php?rest_route=\/wp\/v2\/types\/page"}],"author":[{"embeddable":true,"href":"http:\/\/www.tcf-frauenweiler.de\/index.php?rest_route=\/wp\/v2\/users\/21"}],"replies":[{"embeddable":true,"href":"http:\/\/www.tcf-frauenweiler.de\/index.php?rest_route=%2Fwp%2Fv2%2Fcomments&post=72"}],"version-history":[{"count":10,"href":"http:\/\/www.tcf-frauenweiler.de\/index.php?rest_route=\/wp\/v2\/pages\/72\/revisions"}],"predecessor-version":[{"id":445,"href":"http:\/\/www.tcf-frauenweiler.de\/index.php?rest_route=\/wp\/v2\/pages\/72\/revisions\/445"}],"wp:attachment":[{"href":"http:\/\/www.tcf-frauenweiler.de\/index.php?rest_route=%2Fwp%2Fv2%2Fmedia&parent=72"}],"curies":[{"name":"wp","href":"https:\/\/api.w.org\/{rel}","templated":true}]}}